{"id":2293,"date":"2018-03-03T06:19:29","date_gmt":"2018-03-03T06:19:29","guid":{"rendered":"http:\/\/themes.radiantthemes.com\/builderpro\/?page_id=2"},"modified":"2020-08-20T21:10:34","modified_gmt":"2020-08-20T21:10:34","slug":"home-version-1","status":"publish","type":"page","link":"http:\/\/www.feniks-sc.pl\/","title":{"rendered":"Home"},"content":{"rendered":"<p>[vc_row full_width=&#8221;stretch_row_content_no_spaces&#8221; css=&#8221;.vc_custom_1520319065983{margin-top: 0px !important;margin-bottom: 0px !important;padding-top: 0px !important;padding-bottom: 0px !important;}&#8221;][vc_column css=&#8221;.vc_custom_1520319054567{padding-top: 0px !important;padding-bottom: 0px !important;}&#8221;]\n\t\t\t<!-- START homepage1 REVOLUTION SLIDER 6.2.21 --><p class=\"rs-p-wp-fix\"><\/p>\n\t\t\t<rs-module-wrap id=\"rev_slider_1_1_wrapper\" data-source=\"gallery\" style=\"background:transparent;padding:0;margin:0px auto;margin-top:0;margin-bottom:0;\">\n\t\t\t\t<rs-module id=\"rev_slider_1_1\" style=\"\" data-version=\"6.2.21\">\n\t\t\t\t\t<rs-slides>\n\t\t\t\t\t\t<rs-slide data-key=\"rs-1\" data-title=\"Slide\" data-thumb=\"\/\/www.feniks-sc.pl\/Stage\/wp-content\/uploads\/revslider\/slider21.jpg\" data-anim=\"ei:d;eo:d;s:d,d;r:0;t:slidingoverlayup,scaledownfrombottom;sl:d,d;\">\n\t\t\t\t\t\t\t<img src=\"\/\/www.feniks-sc.pl\/Stage\/wp-content\/uploads\/revslider\/slider21.jpg\" title=\"Home\" class=\"rev-slidebg\" data-no-retina>\n<!--\n\t\t\t\t\t\t\t--><rs-layer\n\t\t\t\t\t\t\t\tid=\"slider-1-slide-1-layer-2\" \n\t\t\t\t\t\t\t\tdata-type=\"text\"\n\t\t\t\t\t\t\t\tdata-color=\"#f5b315\"\n\t\t\t\t\t\t\t\tdata-rsp_ch=\"on\"\n\t\t\t\t\t\t\t\tdata-xy=\"xo:18px,18px,18px,4px;yo:211px,211px,211px,192px;\"\n\t\t\t\t\t\t\t\tdata-text=\"s:60,60,60,40;l:60,60,60,50;ls:-1px;fw:700;a:inherit;\"\n\t\t\t\t\t\t\t\tdata-frame_0=\"y:100%;\"\n\t\t\t\t\t\t\t\tdata-frame_1=\"e:power4.inOut;sp:2000;sR:10;\"\n\t\t\t\t\t\t\t\tdata-frame_999=\"o:0;st:w;sR:6990;\"\n\t\t\t\t\t\t\t\tstyle=\"z-index:5;font-family:Poppins;\"\n\t\t\t\t\t\t\t>Bogate do\u015bwiadczenie \n\t\t\t\t\t\t\t<\/rs-layer><!--\n\n\t\t\t\t\t\t\t--><rs-layer\n\t\t\t\t\t\t\t\tid=\"slider-1-slide-1-layer-3\" \n\t\t\t\t\t\t\t\tdata-type=\"text\"\n\t\t\t\t\t\t\t\tdata-rsp_ch=\"on\"\n\t\t\t\t\t\t\t\tdata-xy=\"xo:22px,22px,22px,4px;yo:377px,377px,377px,306px;\"\n\t\t\t\t\t\t\t\tdata-text=\"s:18,18,18,14;l:30,30,30,26;ls:1px;fw:300;a:inherit;\"\n\t\t\t\t\t\t\t\tdata-frame_0=\"y:100%;\"\n\t\t\t\t\t\t\t\tdata-frame_1=\"e:power4.inOut;sp:2000;sR:10;\"\n\t\t\t\t\t\t\t\tdata-frame_999=\"o:0;st:w;sR:6990;\"\n\t\t\t\t\t\t\t\tstyle=\"z-index:6;font-family:Rubik;\"\n\t\t\t\t\t\t\t>Wybieraj\u0105c firm\u0119 z bogatym do\u015bwiadczeniem masz<br>gwarancj\u0119 zadowolenia z wykonanych prac \n\t\t\t\t\t\t\t<\/rs-layer><!--\n\n\t\t\t\t\t\t\t--><rs-layer\n\t\t\t\t\t\t\t\tid=\"slider-1-slide-1-layer-6\" \n\t\t\t\t\t\t\t\tdata-type=\"text\"\n\t\t\t\t\t\t\t\tdata-rsp_ch=\"on\"\n\t\t\t\t\t\t\t\tdata-xy=\"xo:19px,19px,19px,4px;yo:283px,283px,283px,246px;\"\n\t\t\t\t\t\t\t\tdata-text=\"s:80,80,80,40;l:80,80,80,50;ls:-1px;fw:700;a:inherit;\"\n\t\t\t\t\t\t\t\tdata-frame_0=\"y:100%;\"\n\t\t\t\t\t\t\t\tdata-frame_1=\"e:power4.inOut;sp:2000;sR:10;\"\n\t\t\t\t\t\t\t\tdata-frame_999=\"o:0;st:w;sR:6990;\"\n\t\t\t\t\t\t\t\tstyle=\"z-index:8;font-family:Poppins;\"\n\t\t\t\t\t\t\t>Daje efekty \n\t\t\t\t\t\t\t<\/rs-layer><!--\n-->\t\t\t\t\t\t<\/rs-slide>\n\t\t\t\t\t\t<rs-slide data-key=\"rs-2\" data-title=\"Slide\" data-thumb=\"\/\/www.feniks-sc.pl\/Stage\/wp-content\/uploads\/revslider\/slider31.jpg\" data-anim=\"ei:d;eo:d;s:d,d;r:0;t:slidingoverlayup,scaledownfrombottom;sl:d,d;\">\n\t\t\t\t\t\t\t<img src=\"\/\/www.feniks-sc.pl\/Stage\/wp-content\/uploads\/revslider\/slider31.jpg\" title=\"Home\" class=\"rev-slidebg\" data-no-retina>\n<!--\n\t\t\t\t\t\t\t--><rs-layer\n\t\t\t\t\t\t\t\tid=\"slider-1-slide-2-layer-2\" \n\t\t\t\t\t\t\t\tdata-type=\"text\"\n\t\t\t\t\t\t\t\tdata-color=\"#f5b315\"\n\t\t\t\t\t\t\t\tdata-rsp_ch=\"on\"\n\t\t\t\t\t\t\t\tdata-xy=\"x:r,r,r,l;xo:103px,103px,103px,4px;yo:235px,235px,235px,192px;\"\n\t\t\t\t\t\t\t\tdata-text=\"s:50,50,50,40;l:50;ls:-1px;fw:700;a:inherit;\"\n\t\t\t\t\t\t\t\tdata-frame_0=\"y:100%;\"\n\t\t\t\t\t\t\t\tdata-frame_1=\"e:power4.inOut;sp:2000;sR:10;\"\n\t\t\t\t\t\t\t\tdata-frame_999=\"o:0;st:w;sR:6990;\"\n\t\t\t\t\t\t\t\tstyle=\"z-index:5;font-family:Poppins;\"\n\t\t\t\t\t\t\t>Realizujemy marzenia \n\t\t\t\t\t\t\t<\/rs-layer><!--\n\n\t\t\t\t\t\t\t--><rs-layer\n\t\t\t\t\t\t\t\tid=\"slider-1-slide-2-layer-3\" \n\t\t\t\t\t\t\t\tdata-type=\"text\"\n\t\t\t\t\t\t\t\tdata-rsp_ch=\"on\"\n\t\t\t\t\t\t\t\tdata-xy=\"x:r,r,r,l;xo:99px,99px,99px,4px;yo:387px,387px,387px,306px;\"\n\t\t\t\t\t\t\t\tdata-text=\"s:18,18,18,14;l:30,30,30,26;ls:1px;fw:300;a:inherit;\"\n\t\t\t\t\t\t\t\tdata-frame_0=\"y:100%;\"\n\t\t\t\t\t\t\t\tdata-frame_1=\"e:power4.inOut;sp:2000;sR:10;\"\n\t\t\t\t\t\t\t\tdata-frame_999=\"o:0;st:w;sR:6990;\"\n\t\t\t\t\t\t\t\tstyle=\"z-index:6;font-family:Rubik;\"\n\t\t\t\t\t\t\t>W\u0142asne cztery k\u0105ty, to jedna z najwa\u017cniejsztych inwestycji.<br>Jako\u015b\u0107 i zadowolenie klienta s\u0105 dla nas kluczowe. \n\t\t\t\t\t\t\t<\/rs-layer><!--\n\n\t\t\t\t\t\t\t--><rs-layer\n\t\t\t\t\t\t\t\tid=\"slider-1-slide-2-layer-6\" \n\t\t\t\t\t\t\t\tdata-type=\"text\"\n\t\t\t\t\t\t\t\tdata-rsp_ch=\"on\"\n\t\t\t\t\t\t\t\tdata-xy=\"x:r,r,r,l;xo:104px,104px,104px,4px;yo:290px,290px,290px,246px;\"\n\t\t\t\t\t\t\t\tdata-text=\"s:80,80,80,40;l:80,80,80,50;ls:-1px;fw:700;a:inherit;\"\n\t\t\t\t\t\t\t\tdata-frame_0=\"y:100%;\"\n\t\t\t\t\t\t\t\tdata-frame_1=\"e:power4.inOut;sp:2000;sR:10;\"\n\t\t\t\t\t\t\t\tdata-frame_999=\"o:0;st:w;sR:6990;\"\n\t\t\t\t\t\t\t\tstyle=\"z-index:8;font-family:Poppins;\"\n\t\t\t\t\t\t\t>Z pasj\u0105 \n\t\t\t\t\t\t\t<\/rs-layer><!--\n-->\t\t\t\t\t\t<\/rs-slide>\n\t\t\t\t\t\t<rs-slide data-key=\"rs-3\" data-title=\"Slide\" data-thumb=\"\/\/www.feniks-sc.pl\/Stage\/wp-content\/uploads\/revslider\/slider11.jpg\" data-anim=\"ei:d;eo:d;s:d,d;r:0;t:slidingoverlayup,scaledownfrombottom;sl:d,d;\">\n\t\t\t\t\t\t\t<img src=\"\/\/www.feniks-sc.pl\/Stage\/wp-content\/uploads\/revslider\/slider11.jpg\" title=\"Home\" class=\"rev-slidebg\" data-no-retina>\n<!--\n\t\t\t\t\t\t\t--><rs-layer\n\t\t\t\t\t\t\t\tid=\"slider-1-slide-3-layer-2\" \n\t\t\t\t\t\t\t\tdata-type=\"text\"\n\t\t\t\t\t\t\t\tdata-color=\"#f5b315\"\n\t\t\t\t\t\t\t\tdata-rsp_ch=\"on\"\n\t\t\t\t\t\t\t\tdata-xy=\"xo:18px,18px,18px,4px;yo:211px,211px,211px,192px;\"\n\t\t\t\t\t\t\t\tdata-text=\"s:60,60,60,40;l:60,60,60,50;ls:-1px;fw:700;a:inherit;\"\n\t\t\t\t\t\t\t\tdata-frame_0=\"y:100%;\"\n\t\t\t\t\t\t\t\tdata-frame_1=\"e:power4.inOut;sp:2000;sR:10;\"\n\t\t\t\t\t\t\t\tdata-frame_999=\"o:0;st:w;sR:6990;\"\n\t\t\t\t\t\t\t\tstyle=\"z-index:8;font-family:Poppins;\"\n\t\t\t\t\t\t\t>Nowoczesne rozwi\u0105zania \n\t\t\t\t\t\t\t<\/rs-layer><!--\n\n\t\t\t\t\t\t\t--><rs-layer\n\t\t\t\t\t\t\t\tid=\"slider-1-slide-3-layer-3\" \n\t\t\t\t\t\t\t\tdata-type=\"text\"\n\t\t\t\t\t\t\t\tdata-rsp_ch=\"on\"\n\t\t\t\t\t\t\t\tdata-xy=\"xo:22px,22px,22px,4px;yo:353px,353px,353px,306px;\"\n\t\t\t\t\t\t\t\tdata-text=\"s:18,18,18,14;l:30,30,30,26;ls:1px;fw:300;a:inherit;\"\n\t\t\t\t\t\t\t\tdata-frame_0=\"y:100%;\"\n\t\t\t\t\t\t\t\tdata-frame_1=\"e:power4.inOut;sp:2000;sR:10;\"\n\t\t\t\t\t\t\t\tdata-frame_999=\"o:0;st:w;sR:6990;\"\n\t\t\t\t\t\t\t\tstyle=\"z-index:9;font-family:Rubik;\"\n\t\t\t\t\t\t\t>Profesjonalne prace remontowe i wyko\u0144czeniowe,<br>zgodne z wymaganiami dzisiejszego rynku \n\t\t\t\t\t\t\t<\/rs-layer><!--\n\n\t\t\t\t\t\t\t--><rs-layer\n\t\t\t\t\t\t\t\tid=\"slider-1-slide-3-layer-6\" \n\t\t\t\t\t\t\t\tdata-type=\"text\"\n\t\t\t\t\t\t\t\tdata-rsp_ch=\"on\"\n\t\t\t\t\t\t\t\tdata-xy=\"xo:17px,17px,17px,4px;yo:274px,274px,274px,246px;\"\n\t\t\t\t\t\t\t\tdata-text=\"s:65,65,65,40;l:70,70,70,50;ls:-1px;fw:700;a:inherit;\"\n\t\t\t\t\t\t\t\tdata-frame_0=\"y:100%;\"\n\t\t\t\t\t\t\t\tdata-frame_1=\"e:power4.inOut;sp:2000;sR:10;\"\n\t\t\t\t\t\t\t\tdata-frame_999=\"o:0;st:w;sR:6990;\"\n\t\t\t\t\t\t\t\tstyle=\"z-index:11;font-family:Poppins;\"\n\t\t\t\t\t\t\t>Wyj\u0105tkowe wn\u0119trza \n\t\t\t\t\t\t\t<\/rs-layer><!--\n-->\t\t\t\t\t\t<\/rs-slide>\n\t\t\t\t\t<\/rs-slides>\n\t\t\t\t<\/rs-module>\n\t\t\t\t<script type=\"text\/javascript\">\n\t\t\t\t\tsetREVStartSize({c: 'rev_slider_1_1',rl:[1240,1240,778,480],el:[695,695,960,720],gw:[1170,1170,778,480],gh:[695,695,960,720],type:'standard',justify:'',layout:'fullwidth',mh:\"0\"});\n\t\t\t\t\tvar\trevapi1,\n\t\t\t\t\t\ttpj;\n\t\t\t\t\tfunction revinit_revslider11() {\n\t\t\t\t\tjQuery(function() {\n\t\t\t\t\t\ttpj = jQuery;\n\t\t\t\t\t\trevapi1 = tpj(\"#rev_slider_1_1\");\n\t\t\t\t\t\tif(revapi1==undefined || revapi1.revolution == undefined){\n\t\t\t\t\t\t\trevslider_showDoubleJqueryError(\"rev_slider_1_1\");\n\t\t\t\t\t\t}else{\n\t\t\t\t\t\t\trevapi1.revolution({\n\t\t\t\t\t\t\t\tsliderLayout:\"fullwidth\",\n\t\t\t\t\t\t\t\tvisibilityLevels:\"1240,1240,778,480\",\n\t\t\t\t\t\t\t\tgridwidth:\"1170,1170,778,480\",\n\t\t\t\t\t\t\t\tgridheight:\"695,695,960,720\",\n\t\t\t\t\t\t\t\tspinner:\"spinner3\",\n\t\t\t\t\t\t\t\tperspective:600,\n\t\t\t\t\t\t\t\tperspectiveType:\"local\",\n\t\t\t\t\t\t\t\teditorheight:\"695,768,960,720\",\n\t\t\t\t\t\t\t\tresponsiveLevels:\"1240,1240,778,480\",\n\t\t\t\t\t\t\t\tprogressBar:{disableProgressBar:true},\n\t\t\t\t\t\t\t\tnavigation: {\n\t\t\t\t\t\t\t\t\tkeyboardNavigation:true,\n\t\t\t\t\t\t\t\t\tmouseScrollNavigation:false,\n\t\t\t\t\t\t\t\t\tonHoverStop:false,\n\t\t\t\t\t\t\t\t\ttouch: {\n\t\t\t\t\t\t\t\t\t\ttouchenabled:true,\n\t\t\t\t\t\t\t\t\t\ttouchOnDesktop:true\n\t\t\t\t\t\t\t\t\t},\n\t\t\t\t\t\t\t\t\tbullets: {\n\t\t\t\t\t\t\t\t\t\tenable:true,\n\t\t\t\t\t\t\t\t\t\ttmp:\"<span class=\\\"tp-bullet-inner\\\"><\/span>\",\n\t\t\t\t\t\t\t\t\t\tstyle:\"uranus\"\n\t\t\t\t\t\t\t\t\t}\n\t\t\t\t\t\t\t\t},\n\t\t\t\t\t\t\t\tfallbacks: {\n\t\t\t\t\t\t\t\t\tallowHTML5AutoPlayOnAndroid:true\n\t\t\t\t\t\t\t\t},\n\t\t\t\t\t\t\t});\n\t\t\t\t\t\t}\n\t\t\t\t\t\t\n\t\t\t\t\t});\n\t\t\t\t\t} \/\/ End of RevInitScript\n\t\t\t\tif (document.readyState === \"loading\") window.addEventListener('DOMContentLoaded',function() { revinit_revslider11();}); else revinit_revslider11();\n\t\t\t\t<\/script>\n\t\t\t\t<script>\n\t\t\t\t\tvar htmlDivCss = '\t#rev_slider_1_1_wrapper rs-loader.spinner3 div { background-color: #efa600 !important; } ';\n\t\t\t\t\tvar htmlDiv = document.getElementById('rs-plugin-settings-inline-css');\n\t\t\t\t\tif(htmlDiv) {\n\t\t\t\t\t\thtmlDiv.innerHTML = htmlDiv.innerHTML + htmlDivCss;\n\t\t\t\t\t}else{\n\t\t\t\t\t\tvar htmlDiv = document.createElement('div');\n\t\t\t\t\t\thtmlDiv.innerHTML = '<style>' + htmlDivCss + '<\/style>';\n\t\t\t\t\t\tdocument.getElementsByTagName('head')[0].appendChild(htmlDiv.childNodes[0]);\n\t\t\t\t\t}\n\t\t\t\t<\/script>\n\t\t\t\t<script>\n\t\t\t\t\tvar htmlDivCss = unescape(\"%23rev_slider_1_1_wrapper%20.uranus%20.tp-bullet%7B%0A%20%20border-radius%3A%2050%25%3B%0A%20%20box-shadow%3A%200%200%200%202px%20rgba%28255%2C255%2C255%2C0%29%3B%0A%20%20-webkit-transition%3A%20box-shadow%200.3s%20ease%3B%0A%20%20transition%3A%20box-shadow%200.3s%20ease%3B%0A%20%20background%3Atransparent%3B%0A%20%20width%3A15px%3B%0A%20%20height%3A15px%3B%0A%7D%0A%23rev_slider_1_1_wrapper%20.uranus%20.tp-bullet.selected%2C%0A%23rev_slider_1_1_wrapper%20.uranus%20.tp-bullet%3Ahover%20%7B%0A%20%20box-shadow%3A%200%200%200%202px%20rgba%28255%2C255%2C255%2C1%29%3B%0A%20%20border%3Anone%3B%0A%20%20border-radius%3A%2050%25%3B%0A%20%20background%3Atransparent%3B%0A%7D%0A%0A%23rev_slider_1_1_wrapper%20.uranus%20.tp-bullet-inner%20%7B%0A%20%20-webkit-transition%3A%20background-color%200.3s%20ease%2C%20-webkit-transform%200.3s%20ease%3B%0A%20%20transition%3A%20background-color%200.3s%20ease%2C%20transform%200.3s%20ease%3B%0A%20%20top%3A%200%3B%0A%20%20left%3A%200%3B%0A%20%20width%3A%20100%25%3B%0A%20%20height%3A%20100%25%3B%0A%20%20outline%3A%20none%3B%0A%20%20border-radius%3A%2050%25%3B%0A%20%20background-color%3A%20rgba%28255%2C255%2C255%2C0%29%3B%0A%20%20background-color%3A%20rgba%28255%2C255%2C255%2C0.3%29%3B%0A%20%20text-indent%3A%20-999em%3B%0A%20%20cursor%3A%20pointer%3B%0A%20%20position%3A%20absolute%3B%0A%7D%0A%0A%23rev_slider_1_1_wrapper%20.uranus%20.tp-bullet.selected%20.tp-bullet-inner%2C%0A%23rev_slider_1_1_wrapper%20.uranus%20.tp-bullet%3Ahover%20.tp-bullet-inner%7B%0A%20transform%3A%20scale%280.4%29%3B%0A%20-webkit-transform%3A%20scale%280.4%29%3B%0A%20background-color%3Argba%28255%2C255%2C255%2C1%29%3B%0A%7D%0A\");\n\t\t\t\t\tvar htmlDiv = document.getElementById('rs-plugin-settings-inline-css');\n\t\t\t\t\tif(htmlDiv) {\n\t\t\t\t\t\thtmlDiv.innerHTML = htmlDiv.innerHTML + htmlDivCss;\n\t\t\t\t\t}else{\n\t\t\t\t\t\tvar htmlDiv = document.createElement('div');\n\t\t\t\t\t\thtmlDiv.innerHTML = '<style>' + htmlDivCss + '<\/style>';\n\t\t\t\t\t\tdocument.getElementsByTagName('head')[0].appendChild(htmlDiv.childNodes[0]);\n\t\t\t\t\t}\n\t\t\t\t<\/script>\n\t\t\t\t<script>\n\t\t\t\t\tvar htmlDivCss = unescape(\"%0A%0A%0A\");\n\t\t\t\t\tvar htmlDiv = document.getElementById('rs-plugin-settings-inline-css');\n\t\t\t\t\tif(htmlDiv) {\n\t\t\t\t\t\thtmlDiv.innerHTML = htmlDiv.innerHTML + htmlDivCss;\n\t\t\t\t\t}else{\n\t\t\t\t\t\tvar htmlDiv = document.createElement('div');\n\t\t\t\t\t\thtmlDiv.innerHTML = '<style>' + htmlDivCss + '<\/style>';\n\t\t\t\t\t\tdocument.getElementsByTagName('head')[0].appendChild(htmlDiv.childNodes[0]);\n\t\t\t\t\t}\n\t\t\t\t<\/script>\n\t\t\t<\/rs-module-wrap>\n\t\t\t<!-- END REVOLUTION SLIDER -->\n[\/vc_column][\/vc_row][vc_row full_width=&#8221;stretch_row&#8221; equal_height=&#8221;yes&#8221; content_placement=&#8221;middle&#8221; css=&#8221;.vc_custom_1524075433420{margin-top: 0px !important;margin-bottom: 0px !important;padding-top: 30px !important;padding-bottom: 0px !important;}&#8221;][vc_column width=&#8221;5\/12&#8243; css=&#8221;.vc_custom_1520070812107{margin-top: 0px !important;margin-bottom: 30px !important;border-right-width: 6px !important;padding-top: 0px !important;padding-right: 30px !important;padding-bottom: 0px !important;padding-left: 30px !important;border-right-color: #f5b315 !important;border-right-style: solid !important;}&#8221;][vc_custom_heading text=&#8221;Realizujemy<br \/>\nTwoje Marzenia&#8221; font_container=&#8221;tag:h1|font_size:37px|text_align:right|line_height:46px&#8221; use_theme_fonts=&#8221;yes&#8221; css=&#8221;.vc_custom_1523302286962{margin-top: 0px !important;margin-bottom: 0px !important;}&#8221;][\/vc_column][vc_column width=&#8221;7\/12&#8243; css=&#8221;.vc_custom_1520070790089{margin-top: 0px !important;margin-bottom: 30px !important;padding-top: 0px !important;padding-right: 30px !important;padding-bottom: 0px !important;padding-left: 30px !important;}&#8221;][vc_column_text css=&#8221;.vc_custom_1523302445320{margin-top: 0px !important;margin-bottom: 0px !important;}&#8221;]Ka\u017cdy z naszych klient\u00f3w przed podj\u0119ciem decyzji o wsp\u00f3\u0142pracy otrzymuje jasny i precyzyjny kosztorys ze specyfikacj\u0105 planowanych prac. Wa\u017cne jest dla nas aby klienci wiedzieli dok\u0142adnie jaka us\u0142uga zostanie wykonana, a my gwarantujemy, \u017ce efekt wykonanych prac przekroczy Wasze oczekiwania.[\/vc_column_text][\/vc_column][\/vc_row][vc_section full_width=&#8221;stretch_row&#8221; css=&#8221;.vc_custom_1524075400263{margin-top: 0px !important;margin-bottom: 0px !important;padding-top: 0px !important;padding-bottom: 0px !important;background-color: #f9f9f9 !important;}&#8221;][vc_row][vc_column width=&#8221;1\/4&#8243;]\r<!-- fancy-text-box -->\r<div class=\"rt-fancy-text-box element-three  \" ><div class=\"holder matchHeight \"><div class=\"icon\"><img width=\"80\" height=\"80\" src=\"http:\/\/www.feniks-sc.pl\/wp-content\/uploads\/2018\/04\/malowanie2-1.png\" class=\"attachment-full size-full\" alt=\"\" loading=\"lazy\" \/><\/div><div class=\"heading\"><p class=\"title\">Malowanie<\/p><\/div><div class=\"content\"><p>Malowanie \u015bcian i elewacji budynk\u00f3w, Malowanie du\u017cych powierzchni agregatem.<\/p><\/div><\/div><\/div>\r<!-- fancy-text-box -->\r[\/vc_column][vc_column width=&#8221;1\/4&#8243;]\r<!-- fancy-text-box -->\r<div class=\"rt-fancy-text-box element-three  \" ><div class=\"holder matchHeight \"><div class=\"icon\"><img width=\"80\" height=\"80\" src=\"http:\/\/www.feniks-sc.pl\/wp-content\/uploads\/2018\/04\/szpachlowanie-1.png\" class=\"attachment-full size-full\" alt=\"\" loading=\"lazy\" \/><\/div><div class=\"heading\"><p class=\"title\">Szpachlowanie<\/p><\/div><div class=\"content\"><p>Uzupe\u0142nienie wszelkich ubytk\u00f3w znajduj\u0105cych si\u0119 na \u015bcianach i pokrycie mas\u0105 szpachlow\u0105 ca\u0142ej ich powierzchni.<\/p><\/div><\/div><\/div>\r<!-- fancy-text-box -->\r[\/vc_column][vc_column width=&#8221;1\/4&#8243;]\r<!-- fancy-text-box -->\r<div class=\"rt-fancy-text-box element-three  \" ><div class=\"holder matchHeight \"><div class=\"icon\"><img width=\"80\" height=\"80\" src=\"http:\/\/www.feniks-sc.pl\/wp-content\/uploads\/2018\/04\/sciankigk-1.png\" class=\"attachment-full size-full\" alt=\"\" loading=\"lazy\" \/><\/div><div class=\"heading\"><p class=\"title\">\u015acianki GK<\/p><\/div><div class=\"content\"><p>Monta\u017c \u015bcianek wraz z wyg\u0142uszeniem we\u0142n\u0105 mineraln\u0105. Naprawa uszkodzonych element\u00f3w i demonta\u017c.<\/p><\/div><\/div><\/div>\r<!-- fancy-text-box -->\r[\/vc_column][vc_column width=&#8221;1\/4&#8243;]\r<!-- fancy-text-box -->\r<div class=\"rt-fancy-text-box element-three  \" ><div class=\"holder matchHeight \"><div class=\"icon\"><img width=\"80\" height=\"80\" src=\"http:\/\/www.feniks-sc.pl\/wp-content\/uploads\/2018\/04\/glazura-1.png\" class=\"attachment-full size-full\" alt=\"\" loading=\"lazy\" \/><\/div><div class=\"heading\"><p class=\"title\">Glazura i terakota<\/p><\/div><div class=\"content\"><p>Uk\u0142adanie gresu, szlifowanie naro\u017cnik\u00f3w pod k\u0105tem 45 stopni i uk\u0142adanie r\u00f3\u017cnego rodzaju dekor\u00f3w<\/p><\/div><\/div><\/div>\r<!-- fancy-text-box -->\r[\/vc_column][\/vc_row][vc_row full_width=&#8221;stretch_row&#8221; css=&#8221;.vc_custom_1524602152439{margin-top: 0px !important;margin-bottom: 0px !important;padding-top: 55px !important;padding-bottom: 25px !important;background-color: #ffffff !important;}&#8221;][vc_column width=&#8221;1\/2&#8243; css=&#8221;.vc_custom_1520070954438{margin-top: 0px !important;margin-bottom: 40px !important;padding-top: 0px !important;padding-bottom: 0px !important;}&#8221;][vc_custom_heading text=&#8221;Remonty dom\u00f3w i mieszka\u0144&#8221; font_container=&#8221;tag:h2|font_size:37px|text_align:left|line_height:50px&#8221; use_theme_fonts=&#8221;yes&#8221; css=&#8221;.vc_custom_1524071669066{margin-top: -10px !important;margin-bottom: 32px !important;}&#8221;][vc_custom_heading text=&#8221;Terminowe wykonanie wed\u0142ug norm budowlanych&#8221; font_container=&#8221;tag:div|font_size:18px|text_align:left|line_height:28px&#8221; use_theme_fonts=&#8221;yes&#8221; css=&#8221;.vc_custom_1524071675154{margin-top: 0px !important;margin-bottom: 27px !important;}&#8221; el_class=&#8221;font-weight-medium&#8221;][vc_column_text css=&#8221;.vc_custom_1524847495716{margin-top: 0px !important;margin-bottom: 17px !important;}&#8221;]<\/p>\n<p style=\"text-align: left;\">Nasza firma specjalizuje si\u0119 w remontowaniu wszelkich pomieszcze\u0144, zaczynaj\u0105c od ma\u0142ych prac, takich jak malowanie, a\u017c po ca\u0142kowit\u0105 zmian\u0119 aran\u017cacji wn\u0119trza. Nasze us\u0142ugi wykonujemy starannie i fachowo, z wykorzystaniem najlepszych materia\u0142\u00f3w.<\/p>\n<p>[\/vc_column_text][vc_column_text css=&#8221;.vc_custom_1524847581156{margin-top: 0px !important;margin-bottom: 25px !important;}&#8221;]<\/p>\n<p style=\"text-align: left;\">Je\u017celi poszukujesz firmy, kt\u00f3ra przeprowadzi dla Ciebie remont zgodnie ze wszystkimi standardami, zapraszamy do kontaktu.<\/p>\n<p>[\/vc_column_text][\/vc_column][vc_column width=&#8221;1\/2&#8243; css=&#8221;.vc_custom_1524071859599{margin-top: 0px !important;margin-bottom: 40px !important;border-top-width: 0px !important;border-bottom-width: 0px !important;padding-top: 0px !important;padding-bottom: 0px !important;}&#8221;][vc_custom_heading text=&#8221;Sufity systemowe&#8221; font_container=&#8221;tag:h2|font_size:37px|text_align:left|line_height:50px&#8221; use_theme_fonts=&#8221;yes&#8221; css=&#8221;.vc_custom_1524071889801{margin-top: -10px !important;margin-bottom: 32px !important;}&#8221;][vc_custom_heading text=&#8221;Gwarantuj\u0105 komfort akustyczny, higieniczny i klimatyczny&#8221; font_container=&#8221;tag:div|font_size:18px|text_align:left|line_height:28px&#8221; use_theme_fonts=&#8221;yes&#8221; css=&#8221;.vc_custom_1524071906600{margin-top: 0px !important;margin-bottom: 27px !important;}&#8221; el_class=&#8221;font-weight-medium&#8221;][vc_column_text css=&#8221;.vc_custom_1524847825393{margin-top: 0px !important;margin-bottom: 17px !important;}&#8221;]<\/p>\n<p style=\"text-align: left;\">Sufity podwieszane to istotny element dekoracyjny. Pozwalaj\u0105 nam ukry\u0107 r\u00f3\u017cnorodne instalacje. Dzi\u0119ki szerokiej gamie produkt\u00f3w mo\u017cna swobodnie dobiera\u0107 jego wygl\u0105d tak, aby komponowa\u0142 si\u0119 idealnie z reszt\u0105 pomieszczenia.<\/p>\n<p>[\/vc_column_text][vc_column_text css=&#8221;.vc_custom_1524847860078{margin-top: 0px !important;margin-bottom: 25px !important;}&#8221;]<\/p>\n<p style=\"text-align: left;\">Oferujemy profesjonalny monta\u017c, napraw\u0119 i rozbi\u00f3rk\u0119 sufit\u00f3w systemowych.<\/p>\n<p>[\/vc_column_text][\/vc_column][\/vc_row][\/vc_section][vc_row full_width=&#8221;stretch_row&#8221; css=&#8221;.vc_custom_1524074329326{margin-top: 0px !important;margin-bottom: 0px !important;padding-top: 30px !important;padding-bottom: 30px !important;background-color: #ffffff !important;}&#8221;][vc_column css=&#8221;.vc_custom_1524073239168{margin-top: 0px !important;margin-bottom: 40px !important;padding-top: 0px !important;padding-bottom: 0px !important;background-color: #ffffff !important;}&#8221;][vc_custom_heading text=&#8221;Nasi klienci&#8221; font_container=&#8221;tag:h3|font_size:35px|text_align:left|line_height:45px&#8221; use_theme_fonts=&#8221;yes&#8221; css=&#8221;.vc_custom_1523219246364{margin-top: 0px !important;margin-bottom: 37px !important;}&#8221;]<div class=\"clients owl-carousel element-one owl-nav-style-two owl-dot-style-one \"  data-owl-nav=\"true\" data-owl-dots=\"false\" data-owl-loop=\"true\" data-owl-autoplay=\"true\" data-owl-autoplay-timeout=\"6\" data-owl-mobile-items=\"1\" data-owl-tab-items=\"3\" data-owl-desktop-items=\"5\"><!-- clients-item --><div class=\"clients-item\"><div class=\"holder matchHeight\"><div class=\"table\"><div class=\"table-cell\"><div class=\"pic radiantthemes-retina\"><img width=\"145\" height=\"120\" src=\"http:\/\/www.feniks-sc.pl\/wp-content\/uploads\/2018\/04\/agrobex.png\" class=\"attachment-post-thumbnail size-post-thumbnail wp-post-image\" alt=\"\" loading=\"lazy\" \/><\/div><\/div><\/div><\/div><\/div><!-- clients-item --><!-- clients-item --><div class=\"clients-item\"><div class=\"holder matchHeight\"><div class=\"table\"><div class=\"table-cell\"><div class=\"pic radiantthemes-retina\"><img width=\"145\" height=\"120\" src=\"http:\/\/www.feniks-sc.pl\/wp-content\/uploads\/2018\/03\/1.png\" class=\"attachment-post-thumbnail size-post-thumbnail wp-post-image\" alt=\"\" loading=\"lazy\" \/><\/div><\/div><\/div><\/div><\/div><!-- clients-item --><!-- clients-item --><div class=\"clients-item\"><div class=\"holder matchHeight\"><div class=\"table\"><div class=\"table-cell\"><div class=\"pic radiantthemes-retina\"><img width=\"145\" height=\"120\" src=\"http:\/\/www.feniks-sc.pl\/wp-content\/uploads\/2018\/03\/4.png\" class=\"attachment-post-thumbnail size-post-thumbnail wp-post-image\" alt=\"\" loading=\"lazy\" \/><\/div><\/div><\/div><\/div><\/div><!-- clients-item --><!-- clients-item --><div class=\"clients-item\"><div class=\"holder matchHeight\"><div class=\"table\"><div class=\"table-cell\"><div class=\"pic radiantthemes-retina\"><img width=\"145\" height=\"120\" src=\"http:\/\/www.feniks-sc.pl\/wp-content\/uploads\/2018\/03\/2.png\" class=\"attachment-post-thumbnail size-post-thumbnail wp-post-image\" alt=\"\" loading=\"lazy\" \/><\/div><\/div><\/div><\/div><\/div><!-- clients-item --><!-- clients-item --><div class=\"clients-item\"><div class=\"holder matchHeight\"><div class=\"table\"><div class=\"table-cell\"><div class=\"pic radiantthemes-retina\"><img width=\"145\" height=\"120\" src=\"http:\/\/www.feniks-sc.pl\/wp-content\/uploads\/2018\/03\/3.png\" class=\"attachment-post-thumbnail size-post-thumbnail wp-post-image\" alt=\"\" loading=\"lazy\" \/><\/div><\/div><\/div><\/div><\/div><!-- clients-item --><\/div>[\/vc_column][\/vc_row]<\/p>\n","protected":false},"excerpt":{"rendered":"<p>[vc_row full_width=&#8221;stretch_row_content_no_spaces&#8221; css=&#8221;.vc_custom_1520319065983{margin-top: 0px !important;margin-bottom: 0px !important;padding-top: 0px !important;padding-bottom: 0px !important;}&#8221;][vc_column css=&#8221;.vc_custom_1520319054567{padding-top: 0px !important;padding-bottom: 0px !important;}&#8221;][\/vc_column][\/vc_row][vc_row full_width=&#8221;stretch_row&#8221; equal_height=&#8221;yes&#8221; content_placement=&#8221;middle&#8221; css=&#8221;.vc_custom_1524075433420{margin-top: 0px !important;margin-bottom: 0px !important;padding-top: 30px !important;padding-bottom: 0px !important;}&#8221;][vc_column width=&#8221;5\/12&#8243; css=&#8221;.vc_custom_1520070812107{margin-top: 0px !important;margin-bottom: 30px !important;border-right-width: 6px !important;padding-top: 0px !important;padding-right: 30px !important;padding-bottom: 0px !important;padding-left: 30px !important;border-right-color: #f5b315 !important;border-right-style: solid !important;}&#8221;][vc_custom_heading text=&#8221;Realizujemy Twoje Marzenia&#8221; font_container=&#8221;tag:h1|font_size:37px|text_align:right|line_height:46px&#8221; use_theme_fonts=&#8221;yes&#8221; css=&#8221;.vc_custom_1523302286962{margin-top: 0px [&hellip;]<\/p>\n","protected":false},"author":1,"featured_media":0,"parent":0,"menu_order":0,"comment_status":"closed","ping_status":"closed","template":"","meta":[],"_links":{"self":[{"href":"http:\/\/www.feniks-sc.pl\/index.php\/wp-json\/wp\/v2\/pages\/2293"}],"collection":[{"href":"http:\/\/www.feniks-sc.pl\/index.php\/wp-json\/wp\/v2\/pages"}],"about":[{"href":"http:\/\/www.feniks-sc.pl\/index.php\/wp-json\/wp\/v2\/types\/page"}],"author":[{"embeddable":true,"href":"http:\/\/www.feniks-sc.pl\/index.php\/wp-json\/wp\/v2\/users\/1"}],"replies":[{"embeddable":true,"href":"http:\/\/www.feniks-sc.pl\/index.php\/wp-json\/wp\/v2\/comments?post=2293"}],"version-history":[{"count":13,"href":"http:\/\/www.feniks-sc.pl\/index.php\/wp-json\/wp\/v2\/pages\/2293\/revisions"}],"predecessor-version":[{"id":3381,"href":"http:\/\/www.feniks-sc.pl\/index.php\/wp-json\/wp\/v2\/pages\/2293\/revisions\/3381"}],"wp:attachment":[{"href":"http:\/\/www.feniks-sc.pl\/index.php\/wp-json\/wp\/v2\/media?parent=2293"}],"curies":[{"name":"wp","href":"https:\/\/api.w.org\/{rel}","templated":true}]}}